{"id":199011,"date":"2026-04-07T19:05:14","date_gmt":"2026-04-07T18:05:14","guid":{"rendered":"https:\/\/havenu.de\/?page_id=199011"},"modified":"2026-04-07T19:05:14","modified_gmt":"2026-04-07T18:05:14","slug":"impressum","status":"publish","type":"page","link":"https:\/\/havenu.de\/it\/impressum\/","title":{"rendered":"Colophon"},"content":{"rendered":"<section class=\"con-kit-organism con-kit-section \u00fcberschrift con-kit-section--type-default\" data-id=\"RYzeDDP8XrcbWobbllWaM\" data-kit-organism-padding=\"m\" data-p=\"2\" data-position=\"default\">\n<div class=\"con-kit-layer con-kit-layer-flex\" data-layer-type=\"flex\">\n<div class=\"con-kit-organism-background1\" data-organism-bg-id=\"RYzeDDP8XrcbWobbllWaM\">\n<div class=\"con-kit-frame\" data-frame-id=\"168cfbb5-7f21-4da2-9efd-557baee77371\">\n<div class=\"con-kit-container con-kit-container--style-transparent\" data-kit-align-horizontal=\"center\" data-kit-align-vertical=\"middle\" data-kit-container-radius=\"0\" data-kit-frame=\"transparent\">\n<div class=\"con-kit-rows\">\n<div class=\"con-kit-row con-kit-row--style-transparent\" data-row-id=\"51e2e8f5-c3b7-4aa3-a7e7-4916eb7be5a4\" data-kit-align-vertical=\"top\">\n<div class=\"con-kit-row__container\" data-kit-frame=\"transparent\" data-kit-row-radius=\"4\">\n<div class=\"con-kit-layout\" data-cols-lg=\"24\" data-cols-md=\"24\" data-cols-sm=\"24\" data-kit-align-horizontal=\"center\" data-kit-align-vertical=\"top\" data-kit-grid-type=\"columns\">\n<div class=\"con-kit-col con-kit-col--first\" data-col-lg=\"11\" data-col-md=\"11\" data-col-sm=\"24\">\n<div class=\"con-kit-molecule-textBlock\" data-molecule=\"text-block\" data-id=\"3LdEe83jP41FKLNkopRlI\" data-kit-radius=\"4\" data-kit-align-horizontal=\"left\" data-kit-align-vertical=\"top\" data-kit-frame=\"transparent\">\n<div class=\"con-kit-component-atom-list\">\n<div class=\"con-kit-animation__atom\" data-atom=\"header\" data-id=\"NbVwf7wQV-hb_dgV_Gtk_\" data-mode=\"vertical\" data-atom-horizontal=\"left\" data-atom-vertical=\"top\">\n<div class=\"con-kit-atom-header\">\n<div class=\"con-kit-component-header\" data-text-prop=\"text\" data-font-kit-type=\"l\">\n<div class=\"con-kit-quark con-kit-quark-paragraph\" data-quark=\"block\" data-font-kit-type=\"l\" data-block-key=\"8m1sv\">Impressum<\/div>\n<\/div>\n<\/div>\n<div class=\"con-kit-component-spacer\">\n<div class=\"con-kit-component-spacer__handler\" data-spacer-type=\"atom\"><\/div>\n<\/div>\n<\/div>\n<\/div>\n<\/div>\n<\/div>\n<div class=\"con-kit-col con-kit-col--last\" data-col-lg=\"13\" data-col-md=\"13\" data-col-sm=\"24\">\n<div class=\"con-kit-molecule-textBlock\" data-molecule=\"text-block\" data-id=\"a9hJmNbDnopIThniZYoe6\" data-kit-radius=\"4\" data-kit-align-horizontal=\"left\" data-kit-align-vertical=\"middle\" data-kit-frame=\"transparent\">\n<div class=\"con-kit-component-atom-list\">\n<div class=\"con-kit-animation__atom\" data-atom=\"line\" data-id=\"XXHYvQMzfBKq6yYPFfz2Q\" data-mode=\"vertical\" data-atom-horizontal=\"left\" data-atom-vertical=\"middle\">\n<div class=\"con-kit-atom-line con-kit-atom-line--style-solid\">\n<div class=\"con-kit-atom-line__inside\"><\/div>\n<\/div>\n<div class=\"con-kit-component-spacer\">\n<div class=\"con-kit-component-spacer__handler\" data-spacer-type=\"atom\"><\/div>\n<\/div>\n<\/div>\n<div class=\"con-kit-animation__atom\" data-atom=\"plain-text\" data-id=\"0osb1-kbvJ2GbUSBohezI\" data-mode=\"vertical\" data-atom-horizontal=\"left\" data-atom-vertical=\"middle\">\n<div class=\"con-kit-atom-plain-text\" data-font-kit-type=\"xl\">\n<div class=\"con-kit-atom__effects\" data-parent-color-ctx=\"{&quot;colorBg&quot;:&quot;white&quot;,&quot;colorBgType&quot;:&quot;palette&quot;,&quot;colorBgAlpha&quot;:1,&quot;colorBgFormat&quot;:[255,255,255],&quot;colorBgVariant&quot;:&quot;__root&quot;,&quot;colorText&quot;:&quot;dark&quot;,&quot;colorTextType&quot;:&quot;auto&quot;,&quot;colorTextAlpha&quot;:1,&quot;colorTextFormat&quot;:[0,29,63],&quot;colorTextVariant&quot;:&quot;text&quot;}\"><\/div>\n<div class=\"con-kit-component-text\" data-text-prop=\"text\" data-font-kit-type=\"xl\">\n<div class=\"con-kit-quark con-kit-quark-paragraph\" data-quark=\"block\" data-font-kit-type=\"xl\" data-block-key=\"8r4b3\"><span data-inline-style=\"bold\">HAVENU Germany UG (haftungsbeschr\u00e4nkt)<\/span><br \/>\nWaldseem\u00fcller-Stra\u00dfe 8<\/div>\n<div class=\"con-kit-quark con-kit-quark-paragraph\" data-quark=\"block\" data-font-kit-type=\"xl\" data-block-key=\"d6cn9\">79227 Schallstadt<\/div>\n<div class=\"con-kit-quark con-kit-quark-paragraph\" data-quark=\"block\" data-font-kit-type=\"xl\" data-block-key=\"ffqsc\">Gesch\u00e4ftsf\u00fchrer: Andreas Druzhinin<\/div>\n<\/div>\n<\/div>\n<div class=\"con-kit-component-spacer\">\n<div class=\"con-kit-component-spacer__handler\" data-spacer-type=\"atom\"><\/div>\n<\/div>\n<\/div>\n<div class=\"con-kit-animation__atom\" data-atom=\"line\" data-id=\"7ubzLBrj1Lw9GOYxchyQm\" data-mode=\"vertical\" data-atom-horizontal=\"left\" data-atom-vertical=\"top\">\n<div class=\"con-kit-atom-line con-kit-atom-line--style-solid\">\n<div class=\"con-kit-atom-line__inside\"><\/div>\n<\/div>\n<div class=\"con-kit-component-spacer\">\n<div class=\"con-kit-component-spacer__handler\" data-spacer-type=\"atom\"><\/div>\n<\/div>\n<\/div>\n<div class=\"con-kit-animation__atom\" data-atom=\"plain-text\" data-id=\"EkXGYi9k4jFMfbnZKfkZ-\" data-mode=\"vertical\" data-atom-horizontal=\"left\" data-atom-vertical=\"middle\">\n<div class=\"con-kit-atom-plain-text\" data-font-kit-type=\"l\">\n<div class=\"con-kit-atom__effects\" data-parent-color-ctx=\"{&quot;colorBg&quot;:&quot;white&quot;,&quot;colorBgType&quot;:&quot;palette&quot;,&quot;colorBgAlpha&quot;:1,&quot;colorBgFormat&quot;:[255,255,255],&quot;colorBgVariant&quot;:&quot;__root&quot;,&quot;colorText&quot;:&quot;dark&quot;,&quot;colorTextType&quot;:&quot;auto&quot;,&quot;colorTextAlpha&quot;:1,&quot;colorTextFormat&quot;:[0,29,63],&quot;colorTextVariant&quot;:&quot;text&quot;}\"><\/div>\n<div class=\"con-kit-component-text\" data-text-prop=\"text\" data-font-kit-type=\"l\">\n<div class=\"con-kit-quark con-kit-quark-paragraph\" data-quark=\"block\" data-font-kit-type=\"l\" data-block-key=\"8r4b3\">Handelsregister: Amtsgericht Freiburg im Breisgau, HRB734000<\/div>\n<div class=\"con-kit-quark con-kit-quark-paragraph\" data-quark=\"block\" data-font-kit-type=\"l\" data-block-key=\"53s7j\">Umsatzsteueridentifikationsnummer: DE459613577<\/div>\n<\/div>\n<\/div>\n<div class=\"con-kit-component-spacer\">\n<div class=\"con-kit-component-spacer__handler\" data-spacer-type=\"atom\"><\/div>\n<\/div>\n<\/div>\n<div class=\"con-kit-animation__atom\" data-atom=\"line\" data-id=\"4WrM243KfKNCqV-aTBkAL\" data-mode=\"vertical\" data-atom-horizontal=\"left\" data-atom-vertical=\"top\">\n<div class=\"con-kit-atom-line con-kit-atom-line--style-solid\">\n<div class=\"con-kit-atom-line__inside\"><\/div>\n<\/div>\n<div class=\"con-kit-component-spacer\">\n<div class=\"con-kit-component-spacer__handler\" data-spacer-type=\"atom\"><\/div>\n<\/div>\n<\/div>\n<div class=\"con-kit-animation__atom\" data-atom=\"plain-text\" data-id=\"mHux2oMdzRZd0ZNZ-M9JQ\" data-mode=\"vertical\" data-atom-horizontal=\"left\" data-atom-vertical=\"middle\">\n<div class=\"con-kit-atom-plain-text\" data-font-kit-type=\"l\">\n<div class=\"con-kit-atom__effects\" data-parent-color-ctx=\"{&quot;colorBg&quot;:&quot;white&quot;,&quot;colorBgType&quot;:&quot;palette&quot;,&quot;colorBgAlpha&quot;:1,&quot;colorBgFormat&quot;:[255,255,255],&quot;colorBgVariant&quot;:&quot;__root&quot;,&quot;colorText&quot;:&quot;dark&quot;,&quot;colorTextType&quot;:&quot;auto&quot;,&quot;colorTextAlpha&quot;:1,&quot;colorTextFormat&quot;:[0,29,63],&quot;colorTextVariant&quot;:&quot;text&quot;}\"><\/div>\n<div class=\"con-kit-component-text\" data-text-prop=\"text\" data-font-kit-type=\"l\">\n<div class=\"con-kit-quark con-kit-quark-paragraph\" data-quark=\"block\" data-font-kit-type=\"l\" data-block-key=\"8r4b3\"><span data-inline-style=\"bold\">E-Mail: support@havenu.de <\/span><\/div>\n<div class=\"con-kit-quark con-kit-quark-paragraph\" data-quark=\"block\" data-font-kit-type=\"l\" data-block-key=\"949hk\"><span data-inline-style=\"bold\">Telefon: +49 (0) 170 99 36 983<\/span><\/div>\n<div class=\"con-kit-quark con-kit-quark-paragraph\" data-quark=\"block\" data-font-kit-type=\"l\" data-block-key=\"fsk6v\">Verantwortlich f\u00fcr die folgenden Inhalte gem\u00e4\u00df \u00a7 18 Abs. 2 RStV:<\/div>\n<div class=\"con-kit-quark con-kit-quark-paragraph\" data-quark=\"block\" data-font-kit-type=\"l\" data-block-key=\"1n97k\">Andreas Druzhinin, Waldseem\u00fcller-Stra\u00dfe 8, 79227 Schallstadt<\/div>\n<\/div>\n<\/div>\n<div class=\"con-kit-component-spacer\">\n<div class=\"con-kit-component-spacer__handler\" data-spacer-type=\"atom\"><\/div>\n<\/div>\n<\/div>\n<\/div>\n<\/div>\n<\/div>\n<\/div>\n<\/div>\n<\/div>\n<\/div>\n<\/div>\n<\/div>\n<div class=\"con-kit-organism-background\"><\/div>\n<\/div>\n<\/div>\n<\/section>\n<section class=\"con-kit-organism con-kit-section \u00fcber-uns con-kit-section--type-default\" data-id=\"2y9LUpY0Be8O_yhHFZ2Be\" data-kit-organism-padding=\"xs\" data-p=\"3\" data-position=\"default\">\n<div class=\"con-kit-layer con-kit-layer-flex\" data-layer-type=\"flex\">\n<div class=\"con-kit-organism-background1\" data-organism-bg-id=\"2y9LUpY0Be8O_yhHFZ2Be\">\n<div class=\"con-kit-frame\" data-frame-id=\"931b93f3-ce40-4327-bbfb-ce8c2aa8a29d\">\n<div class=\"con-kit-container con-kit-container--style-transparent\" data-kit-align-horizontal=\"left\" data-kit-align-vertical=\"middle\" data-kit-container-radius=\"0\" data-kit-frame=\"transparent\">\n<div class=\"con-kit-rows\">\n<div class=\"con-kit-row con-kit-row--style-transparent\" data-row-id=\"84087ad6-4e6e-497b-8197-8956aad8ae29\" data-kit-align-vertical=\"top\">\n<div class=\"con-kit-row__container\" data-kit-frame=\"transparent\" data-kit-row-radius=\"4\">\n<div class=\"con-kit-layout\" data-cols-lg=\"24\" data-cols-md=\"24\" data-cols-sm=\"24\" data-kit-align-horizontal=\"left\" data-kit-align-vertical=\"top\" data-kit-grid-type=\"columns\">\n<div class=\"con-kit-col con-kit-col--last con-kit-col--first\" data-col-lg=\"24\" data-col-md=\"24\" data-col-sm=\"24\">\n<div class=\"con-kit-molecule-textBlock\" data-molecule=\"text-block\" data-id=\"Z_PQx4JfsrfONh08lxXeW\" data-kit-radius=\"4\" data-kit-align-horizontal=\"left\" data-kit-align-vertical=\"top\" data-kit-frame=\"transparent\">\n<div class=\"con-kit-component-atom-list\">\n<div class=\"con-kit-animation__atom\" data-atom=\"plain-text\" data-id=\"iikRqnIZvMTyi2N6wQaua\" data-mode=\"vertical\" data-atom-horizontal=\"left\" data-atom-vertical=\"top\" data-atom-zero-indenet=\"\">\n<div class=\"con-kit-atom-plain-text\" data-font-kit-type=\"l\">\n<div class=\"con-kit-atom__effects\" data-parent-color-ctx=\"{&quot;colorBg&quot;:&quot;white&quot;,&quot;colorBgType&quot;:&quot;palette&quot;,&quot;colorBgAlpha&quot;:1,&quot;colorBgFormat&quot;:[255,255,255],&quot;colorBgVariant&quot;:&quot;__root&quot;,&quot;colorText&quot;:&quot;dark&quot;,&quot;colorTextType&quot;:&quot;auto&quot;,&quot;colorTextAlpha&quot;:1,&quot;colorTextFormat&quot;:[0,29,63],&quot;colorTextVariant&quot;:&quot;text&quot;}\"><\/div>\n<div class=\"con-kit-component-text\" data-text-prop=\"text\" data-font-kit-type=\"l\">\n<div class=\"con-kit-quark con-kit-quark-paragraph\" data-quark=\"block\" data-font-kit-type=\"l\" data-block-key=\"8r4b3\"><span data-inline-style=\"bold\">HAFTUNGSHINWEIS<\/span><\/div>\n<div class=\"con-kit-quark con-kit-quark-paragraph\" data-quark=\"block\" data-font-kit-type=\"l\" data-block-key=\"eu81\">Die bereitgestellten Informationen auf dieser Website werden sorgf\u00e4ltig gepr\u00fcft und regelm\u00e4\u00dfig aktualisiert. Es kann jedoch keine Garantie daf\u00fcr \u00fcbernommen werden, dass alle Angaben zu jeder Zeit vollst\u00e4ndig, richtig und in letzter Aktualit\u00e4t dargestellt sind. Dies gilt insbesondere f\u00fcr alle Links zu anderen Websites, auf die direkt oder indirekt verwiesen wird. Deshalb k\u00f6nnen wir f\u00fcr diese fremden Inhalte auch keine Gew\u00e4hr \u00fcbernehmen. F\u00fcr die Inhalte der verlinkten Seiten ist stets der jeweilige Anbieter oder Betreiber der Seiten verantwortlich.<\/div>\n<div data-quark=\"block\" data-font-kit-type=\"l\" data-block-key=\"eu81\"><\/div>\n<div class=\"con-kit-quark con-kit-quark-paragraph\" data-quark=\"block\" data-font-kit-type=\"l\" data-block-key=\"b7q1i\"><span data-inline-style=\"bold\">URHEBERRECHTLICHER HINWEIS<\/span><\/div>\n<div class=\"con-kit-quark con-kit-quark-paragraph\" data-quark=\"block\" data-font-kit-type=\"l\" data-block-key=\"r203\">Inhalt und Struktur der Internetseiten von havenu.de und havenu.com sind urheberrechtlich gesch\u00fctzt. Die Vervielf\u00e4ltigung, Bearbeitung, Verbreitung und jede Art der Verwertung urheberrechtlich gesch\u00fctzter Beitr\u00e4ge, Bilder und sonstiger Werke bed\u00fcrfen der schriftlichen Zustimmung durch den Anbieter bzw. Rechteinhaber.<\/div>\n<div class=\"con-kit-quark con-kit-quark-paragraph\" data-quark=\"block\" data-font-kit-type=\"l\" data-block-key=\"3apl5\"><span data-inline-style=\"bold\">Streitschlichtung<\/span><\/div>\n<div class=\"con-kit-quark con-kit-quark-paragraph\" data-quark=\"block\" data-font-kit-type=\"l\" data-block-key=\"f6cfg\">Die EU-Kommission betreibt eine Plattform zur Online-Streitbeilegung. Diese ist erreichbar \u00fcber den folgenden Link: <a class=\"con-kit-quark con-kit-quark-link\" draggable=\"false\" href=\"http:\/\/ec.europa.eu\/consumers\/odr\/\">http:\/\/ec.europa.eu\/consumers\/odr\/<\/a> . Wir sind nicht bereit oder verpflichtet an einem Streitbeilegungsverfahren vor einer Verbraucherschlichtungsstelle teilzunehmen.<\/div>\n<\/div>\n<\/div>\n<\/div>\n<\/div>\n<\/div>\n<\/div>\n<\/div>\n<\/div>\n<\/div>\n<\/div>\n<\/div>\n<\/div>\n<\/div>\n<\/div>\n<\/section>\n","protected":false},"excerpt":{"rendered":"<p>Impressum HAVENU Germany UG (haftungsbeschr\u00e4nkt) Waldseem\u00fcller-Stra\u00dfe 8 79227 Schallstadt Gesch\u00e4ftsf\u00fchrer: Andreas Druzhinin Handelsregister: Amtsgericht Freiburg im Breisgau, HRB734000 Umsatzsteueridentifikationsnummer: DE459613577 E-Mail: support@havenu.de Telefon: +49 (0) 170 99 36 983 Verantwortlich f\u00fcr die folgenden Inhalte gem\u00e4\u00df \u00a7 18 Abs. 2 RStV: Andreas Druzhinin, Waldseem\u00fcller-Stra\u00dfe 8, 79227 Schallstadt HAFTUNGSHINWEIS Die bereitgestellten Informationen auf dieser Website werden sorgf\u00e4ltig [&hellip;]<\/p>\n","protected":false},"author":22,"featured_media":0,"parent":0,"menu_order":0,"comment_status":"closed","ping_status":"closed","template":"","meta":{"_acf_changed":false,"footnotes":""},"class_list":["post-199011","page","type-page","status-publish","hentry"],"acf":[],"yoast_head":"<!-- This site is optimized with the Yoast SEO plugin v27.3 - https:\/\/yoast.com\/product\/yoast-seo-wordpress\/ -->\n<title>Impressum - Havenu<\/title>\n<meta name=\"robots\" content=\"noindex, follow, max-snippet:-1, max-image-preview:large, max-video-preview:-1\" \/>\n<meta property=\"og:locale\" content=\"it_IT\" \/>\n<meta property=\"og:type\" content=\"article\" \/>\n<meta property=\"og:title\" content=\"Impressum - Havenu\" \/>\n<meta property=\"og:description\" content=\"Impressum HAVENU Germany UG (haftungsbeschr\u00e4nkt) Waldseem\u00fcller-Stra\u00dfe 8 79227 Schallstadt Gesch\u00e4ftsf\u00fchrer: Andreas Druzhinin Handelsregister: Amtsgericht Freiburg im Breisgau, HRB734000 Umsatzsteueridentifikationsnummer: DE459613577 E-Mail: support@havenu.de Telefon: +49 (0) 170 99 36 983 Verantwortlich f\u00fcr die folgenden Inhalte gem\u00e4\u00df \u00a7 18 Abs. 2 RStV: Andreas Druzhinin, Waldseem\u00fcller-Stra\u00dfe 8, 79227 Schallstadt HAFTUNGSHINWEIS Die bereitgestellten Informationen auf dieser Website werden sorgf\u00e4ltig [&hellip;]\" \/>\n<meta property=\"og:url\" content=\"https:\/\/havenu.de\/it\/impressum\/\" \/>\n<meta property=\"og:site_name\" content=\"Havenu\" \/>\n<meta name=\"twitter:card\" content=\"summary_large_image\" \/>\n<meta name=\"twitter:label1\" content=\"Tempo di lettura stimato\" \/>\n\t<meta name=\"twitter:data1\" content=\"1 minuto\" \/>\n<script type=\"application\/ld+json\" class=\"yoast-schema-graph\">{\"@context\":\"https:\\\/\\\/schema.org\",\"@graph\":[{\"@type\":\"WebPage\",\"@id\":\"https:\\\/\\\/havenu.de\\\/impressum\\\/\",\"url\":\"https:\\\/\\\/havenu.de\\\/impressum\\\/\",\"name\":\"Impressum - Havenu\",\"isPartOf\":{\"@id\":\"https:\\\/\\\/havenu.de\\\/it\\\/#website\"},\"datePublished\":\"2026-04-07T18:05:14+00:00\",\"breadcrumb\":{\"@id\":\"https:\\\/\\\/havenu.de\\\/impressum\\\/#breadcrumb\"},\"inLanguage\":\"it-IT\",\"potentialAction\":[{\"@type\":\"ReadAction\",\"target\":[\"https:\\\/\\\/havenu.de\\\/impressum\\\/\"]}]},{\"@type\":\"BreadcrumbList\",\"@id\":\"https:\\\/\\\/havenu.de\\\/impressum\\\/#breadcrumb\",\"itemListElement\":[{\"@type\":\"ListItem\",\"position\":1,\"name\":\"Home\",\"item\":\"https:\\\/\\\/havenu.de\\\/\"},{\"@type\":\"ListItem\",\"position\":2,\"name\":\"Impressum\"}]},{\"@type\":\"WebSite\",\"@id\":\"https:\\\/\\\/havenu.de\\\/it\\\/#website\",\"url\":\"https:\\\/\\\/havenu.de\\\/it\\\/\",\"name\":\"Havenu\",\"description\":\"Living made easy\",\"publisher\":{\"@id\":\"https:\\\/\\\/havenu.de\\\/it\\\/#organization\"},\"potentialAction\":[{\"@type\":\"SearchAction\",\"target\":{\"@type\":\"EntryPoint\",\"urlTemplate\":\"https:\\\/\\\/havenu.de\\\/it\\\/?s={search_term_string}\"},\"query-input\":{\"@type\":\"PropertyValueSpecification\",\"valueRequired\":true,\"valueName\":\"search_term_string\"}}],\"inLanguage\":\"it-IT\"},{\"@type\":\"Organization\",\"@id\":\"https:\\\/\\\/havenu.de\\\/it\\\/#organization\",\"name\":\"Havenu\",\"url\":\"https:\\\/\\\/havenu.de\\\/it\\\/\",\"logo\":{\"@type\":\"ImageObject\",\"inLanguage\":\"it-IT\",\"@id\":\"https:\\\/\\\/havenu.de\\\/it\\\/#\\\/schema\\\/logo\\\/image\\\/\",\"url\":\"https:\\\/\\\/havenu.de\\\/wp-content\\\/uploads\\\/2023\\\/05\\\/HAVENU_Logo.webp\",\"contentUrl\":\"https:\\\/\\\/havenu.de\\\/wp-content\\\/uploads\\\/2023\\\/05\\\/HAVENU_Logo.webp\",\"width\":1920,\"height\":536,\"caption\":\"Havenu\"},\"image\":{\"@id\":\"https:\\\/\\\/havenu.de\\\/it\\\/#\\\/schema\\\/logo\\\/image\\\/\"}}]}<\/script>\n<!-- \/ Yoast SEO plugin. -->","yoast_head_json":{"title":"Impressum - Havenu","robots":{"index":"noindex","follow":"follow","max-snippet":"max-snippet:-1","max-image-preview":"max-image-preview:large","max-video-preview":"max-video-preview:-1"},"og_locale":"it_IT","og_type":"article","og_title":"Impressum - Havenu","og_description":"Impressum HAVENU Germany UG (haftungsbeschr\u00e4nkt) Waldseem\u00fcller-Stra\u00dfe 8 79227 Schallstadt Gesch\u00e4ftsf\u00fchrer: Andreas Druzhinin Handelsregister: Amtsgericht Freiburg im Breisgau, HRB734000 Umsatzsteueridentifikationsnummer: DE459613577 E-Mail: support@havenu.de Telefon: +49 (0) 170 99 36 983 Verantwortlich f\u00fcr die folgenden Inhalte gem\u00e4\u00df \u00a7 18 Abs. 2 RStV: Andreas Druzhinin, Waldseem\u00fcller-Stra\u00dfe 8, 79227 Schallstadt HAFTUNGSHINWEIS Die bereitgestellten Informationen auf dieser Website werden sorgf\u00e4ltig [&hellip;]","og_url":"https:\/\/havenu.de\/it\/impressum\/","og_site_name":"Havenu","twitter_card":"summary_large_image","twitter_misc":{"Tempo di lettura stimato":"1 minuto"},"schema":{"@context":"https:\/\/schema.org","@graph":[{"@type":"WebPage","@id":"https:\/\/havenu.de\/impressum\/","url":"https:\/\/havenu.de\/impressum\/","name":"Impressum - Havenu","isPartOf":{"@id":"https:\/\/havenu.de\/it\/#website"},"datePublished":"2026-04-07T18:05:14+00:00","breadcrumb":{"@id":"https:\/\/havenu.de\/impressum\/#breadcrumb"},"inLanguage":"it-IT","potentialAction":[{"@type":"ReadAction","target":["https:\/\/havenu.de\/impressum\/"]}]},{"@type":"BreadcrumbList","@id":"https:\/\/havenu.de\/impressum\/#breadcrumb","itemListElement":[{"@type":"ListItem","position":1,"name":"Home","item":"https:\/\/havenu.de\/"},{"@type":"ListItem","position":2,"name":"Impressum"}]},{"@type":"WebSite","@id":"https:\/\/havenu.de\/it\/#website","url":"https:\/\/havenu.de\/it\/","name":"Havenu","description":"Living made easy","publisher":{"@id":"https:\/\/havenu.de\/it\/#organization"},"potentialAction":[{"@type":"SearchAction","target":{"@type":"EntryPoint","urlTemplate":"https:\/\/havenu.de\/it\/?s={search_term_string}"},"query-input":{"@type":"PropertyValueSpecification","valueRequired":true,"valueName":"search_term_string"}}],"inLanguage":"it-IT"},{"@type":"Organization","@id":"https:\/\/havenu.de\/it\/#organization","name":"Havenu","url":"https:\/\/havenu.de\/it\/","logo":{"@type":"ImageObject","inLanguage":"it-IT","@id":"https:\/\/havenu.de\/it\/#\/schema\/logo\/image\/","url":"https:\/\/havenu.de\/wp-content\/uploads\/2023\/05\/HAVENU_Logo.webp","contentUrl":"https:\/\/havenu.de\/wp-content\/uploads\/2023\/05\/HAVENU_Logo.webp","width":1920,"height":536,"caption":"Havenu"},"image":{"@id":"https:\/\/havenu.de\/it\/#\/schema\/logo\/image\/"}}]}},"_links":{"self":[{"href":"https:\/\/havenu.de\/it\/wp-json\/wp\/v2\/pages\/199011","targetHints":{"allow":["GET"]}}],"collection":[{"href":"https:\/\/havenu.de\/it\/wp-json\/wp\/v2\/pages"}],"about":[{"href":"https:\/\/havenu.de\/it\/wp-json\/wp\/v2\/types\/page"}],"author":[{"embeddable":true,"href":"https:\/\/havenu.de\/it\/wp-json\/wp\/v2\/users\/22"}],"replies":[{"embeddable":true,"href":"https:\/\/havenu.de\/it\/wp-json\/wp\/v2\/comments?post=199011"}],"version-history":[{"count":1,"href":"https:\/\/havenu.de\/it\/wp-json\/wp\/v2\/pages\/199011\/revisions"}],"predecessor-version":[{"id":199012,"href":"https:\/\/havenu.de\/it\/wp-json\/wp\/v2\/pages\/199011\/revisions\/199012"}],"wp:attachment":[{"href":"https:\/\/havenu.de\/it\/wp-json\/wp\/v2\/media?parent=199011"}],"curies":[{"name":"wp","href":"https:\/\/api.w.org\/{rel}","templated":true}]}}