{"id":195929,"date":"2024-05-23T20:29:27","date_gmt":"2024-05-23T20:29:27","guid":{"rendered":"https:\/\/havenu.de\/?page_id=195929"},"modified":"2026-04-07T21:05:33","modified_gmt":"2026-04-07T20:05:33","slug":"contact-us","status":"publish","type":"page","link":"https:\/\/havenu.de\/ru\/contact-us\/","title":{"rendered":"\u0421\u0432\u044f\u0437\u0430\u0442\u044c\u0441\u044f \u0441 \u043d\u0430\u043c\u0438"},"content":{"rendered":"<div data-elementor-type=\"wp-page\" data-elementor-id=\"195929\" class=\"elementor elementor-195929\" data-elementor-post-type=\"page\">\n\t\t\t\t\t\t<section class=\"elementor-section elementor-top-section elementor-element elementor-element-cc42ecb elementor-section-full_width hero_section elementor-section-height-min-height elementor-section-items-top elementor-section-height-default\" data-id=\"cc42ecb\" data-element_type=\"section\" data-e-type=\"section\" data-settings=\"{&quot;jet_parallax_layout_list&quot;:[]}\">\n\t\t\t\t\t\t<div class=\"elementor-container elementor-column-gap-no\">\n\t\t\t\t\t<div class=\"elementor-column elementor-col-100 elementor-top-column elementor-element elementor-element-097d7cf hero_inner_block\" data-id=\"097d7cf\" data-element_type=\"column\" data-e-type=\"column\" data-settings=\"{&quot;background_background&quot;:&quot;gradient&quot;}\">\n\t\t\t<div class=\"elementor-widget-wrap elementor-element-populated\">\n\t\t\t\t\t\t<div class=\"elementor-element elementor-element-3cb949f elementor--h-position-left elementor--v-position-bottom elementor-absolute elementor-pagination-position-inside elementor-widget elementor-widget-slides\" data-id=\"3cb949f\" data-element_type=\"widget\" data-e-type=\"widget\" data-settings=\"{&quot;navigation&quot;:&quot;dots&quot;,&quot;transition&quot;:&quot;fade&quot;,&quot;transition_speed&quot;:800,&quot;_position&quot;:&quot;absolute&quot;,&quot;autoplay&quot;:&quot;yes&quot;,&quot;autoplay_speed&quot;:5000,&quot;infinite&quot;:&quot;yes&quot;}\" data-widget_type=\"slides.default\">\n\t\t\t\t<div class=\"elementor-widget-container\">\n\t\t\t\t\t\t\t\t\t<div class=\"elementor-swiper\">\n\t\t\t\t\t<div class=\"elementor-slides-wrapper elementor-main-swiper swiper\" role=\"region\" aria-roledescription=\"carousel\" aria-label=\"\u0421\u043b\u0430\u0439\u0434\u044b\" dir=\"ltr\" data-animation=\"\">\n\t\t\t\t<div class=\"swiper-wrapper elementor-slides\">\n\t\t\t\t\t\t\t\t\t\t<div class=\"elementor-repeater-item-3695848 swiper-slide\" role=\"group\" aria-roledescription=\"slide\"><div class=\"swiper-slide-bg\" role=\"img\" aria-label=\"\u0431\u0430\u043d\u043d\u0435\u0440, \u0440\u0430\u0437\u043c\u0435\u0449\u0430\u0435\u043c\u044b\u0439 \u043d\u0430 \u0433\u043b\u0430\u0432\u043d\u043e\u0439 \u0441\u0442\u0440\u0430\u043d\u0438\u0446\u0435\"><\/div><div class=\"swiper-slide-inner\" ><div class=\"swiper-slide-contents\"><\/div><\/div><\/div>\t\t\t\t<\/div>\n\t\t\t\t\t\t\t<\/div>\n\t\t\t\t<\/div>\n\t\t\t\t\t\t\t\t<\/div>\n\t\t\t\t<\/div>\n\t\t\t\t<div class=\"elementor-section elementor-inner-section elementor-element elementor-element-20b9f22 hero_text_block elementor-section-boxed elementor-section-height-default elementor-section-height-default\" data-id=\"20b9f22\" data-element_type=\"section\" data-e-type=\"section\" data-settings=\"{&quot;jet_parallax_layout_list&quot;:[]}\">\n\t\t\t\t\t\t<div class=\"elementor-container elementor-column-gap-default\">\n\t\t\t\t\t<div class=\"elementor-column elementor-col-100 elementor-inner-column elementor-element elementor-element-968a591\" data-id=\"968a591\" data-element_type=\"column\" data-e-type=\"column\">\n\t\t\t<div class=\"elementor-widget-wrap elementor-element-populated\">\n\t\t\t\t\t\t<div class=\"elementor-element elementor-element-d4134ac elementor-widget elementor-widget-heading\" data-id=\"d4134ac\" data-element_type=\"widget\" data-e-type=\"widget\" data-widget_type=\"heading.default\">\n\t\t\t\t<div class=\"elementor-widget-container\">\n\t\t\t\t\t<h1 class=\"elementor-heading-title elementor-size-default\">\u0421\u0432\u044f\u0436\u0438\u0442\u0435\u0441\u044c \u0441 \u043d\u0430\u043c\u0438<\/h1>\t\t\t\t<\/div>\n\t\t\t\t<\/div>\n\t\t\t\t\t<\/div>\n\t\t<\/div>\n\t\t\t\t\t<\/div>\n\t\t<\/div>\n\t\t\t\t\t<\/div>\n\t\t<\/div>\n\t\t\t\t\t<\/div>\n\t\t<\/section>\n\t\t\t\t<section class=\"elementor-section elementor-top-section elementor-element elementor-element-b69f771 elementor-section-boxed elementor-section-height-default elementor-section-height-default\" data-id=\"b69f771\" data-element_type=\"section\" data-e-type=\"section\" data-settings=\"{&quot;jet_parallax_layout_list&quot;:[],&quot;background_background&quot;:&quot;classic&quot;}\">\n\t\t\t\t\t\t<div class=\"elementor-container elementor-column-gap-default\">\n\t\t\t\t\t<div class=\"elementor-column elementor-col-50 elementor-top-column elementor-element elementor-element-8c13d3d\" data-id=\"8c13d3d\" data-element_type=\"column\" data-e-type=\"column\">\n\t\t\t<div class=\"elementor-widget-wrap elementor-element-populated\">\n\t\t\t\t\t\t<div class=\"elementor-element elementor-element-52c7a6d elementor-widget__width-auto elementor-widget-mobile__width-initial elementor-invisible elementor-widget elementor-widget-image\" data-id=\"52c7a6d\" data-element_type=\"widget\" data-e-type=\"widget\" data-settings=\"{&quot;_animation&quot;:&quot;fadeInUp&quot;,&quot;_animation_tablet&quot;:&quot;none&quot;}\" data-widget_type=\"image.default\">\n\t\t\t\t<div class=\"elementor-widget-container\">\n\t\t\t\t\t\t\t\t\t\t\t\t\t\t\t<img fetchpriority=\"high\" decoding=\"async\" width=\"768\" height=\"512\" src=\"https:\/\/havenu.de\/wp-content\/uploads\/2025\/11\/havenu-contact1-768x512.png\" class=\"attachment-medium_large size-medium_large wp-image-198081\" alt=\"\" srcset=\"https:\/\/havenu.de\/wp-content\/uploads\/2025\/11\/havenu-contact1-768x512.png 768w, https:\/\/havenu.de\/wp-content\/uploads\/2025\/11\/havenu-contact1-300x200.png 300w, https:\/\/havenu.de\/wp-content\/uploads\/2025\/11\/havenu-contact1-1024x683.png 1024w, https:\/\/havenu.de\/wp-content\/uploads\/2025\/11\/havenu-contact1-18x12.png 18w, https:\/\/havenu.de\/wp-content\/uploads\/2025\/11\/havenu-contact1-450x300.png 450w, https:\/\/havenu.de\/wp-content\/uploads\/2025\/11\/havenu-contact1-1140x760.png 1140w, https:\/\/havenu.de\/wp-content\/uploads\/2025\/11\/havenu-contact1-120x80.png 120w, https:\/\/havenu.de\/wp-content\/uploads\/2025\/11\/havenu-contact1-750x500.png 750w, https:\/\/havenu.de\/wp-content\/uploads\/2025\/11\/havenu-contact1.png 1200w\" sizes=\"(max-width: 768px) 100vw, 768px\" \/>\t\t\t\t\t\t\t\t\t\t\t\t\t\t\t<\/div>\n\t\t\t\t<\/div>\n\t\t\t\t<div class=\"elementor-element elementor-element-7d05734 elementor-widget__width-auto elementor-widget-mobile__width-initial elementor-invisible elementor-widget elementor-widget-image\" data-id=\"7d05734\" data-element_type=\"widget\" data-e-type=\"widget\" data-settings=\"{&quot;_animation&quot;:&quot;fadeInDown&quot;,&quot;_animation_tablet&quot;:&quot;none&quot;}\" data-widget_type=\"image.default\">\n\t\t\t\t<div class=\"elementor-widget-container\">\n\t\t\t\t\t\t\t\t\t\t\t\t\t\t\t<img decoding=\"async\" width=\"768\" height=\"513\" src=\"https:\/\/havenu.de\/wp-content\/uploads\/2025\/11\/havenu-contact-768x513.png\" class=\"attachment-medium_large size-medium_large wp-image-198082\" alt=\"\" srcset=\"https:\/\/havenu.de\/wp-content\/uploads\/2025\/11\/havenu-contact-768x513.png 768w, https:\/\/havenu.de\/wp-content\/uploads\/2025\/11\/havenu-contact-300x200.png 300w, https:\/\/havenu.de\/wp-content\/uploads\/2025\/11\/havenu-contact-1024x684.png 1024w, https:\/\/havenu.de\/wp-content\/uploads\/2025\/11\/havenu-contact-18x12.png 18w, https:\/\/havenu.de\/wp-content\/uploads\/2025\/11\/havenu-contact-450x300.png 450w, https:\/\/havenu.de\/wp-content\/uploads\/2025\/11\/havenu-contact-1140x760.png 1140w, https:\/\/havenu.de\/wp-content\/uploads\/2025\/11\/havenu-contact-120x80.png 120w, https:\/\/havenu.de\/wp-content\/uploads\/2025\/11\/havenu-contact-748x500.png 748w, https:\/\/havenu.de\/wp-content\/uploads\/2025\/11\/havenu-contact.png 1413w\" sizes=\"(max-width: 768px) 100vw, 768px\" \/>\t\t\t\t\t\t\t\t\t\t\t\t\t\t\t<\/div>\n\t\t\t\t<\/div>\n\t\t\t\t\t<\/div>\n\t\t<\/div>\n\t\t\t\t<div class=\"elementor-column elementor-col-50 elementor-top-column elementor-element elementor-element-2d01c00\" data-id=\"2d01c00\" data-element_type=\"column\" data-e-type=\"column\">\n\t\t\t<div class=\"elementor-widget-wrap elementor-element-populated\">\n\t\t\t\t\t\t<div class=\"elementor-element elementor-element-3f81dad elementor-widget elementor-widget-heading\" data-id=\"3f81dad\" data-element_type=\"widget\" data-e-type=\"widget\" data-widget_type=\"heading.default\">\n\t\t\t\t<div class=\"elementor-widget-container\">\n\t\t\t\t\t<p class=\"elementor-heading-title elementor-size-default\">Unsere Kontaktdaten<\/p>\t\t\t\t<\/div>\n\t\t\t\t<\/div>\n\t\t\t\t<div class=\"elementor-element elementor-element-253dce6 elementor-align-start elementor-icon-list--layout-traditional elementor-list-item-link-full_width elementor-widget elementor-widget-icon-list\" data-id=\"253dce6\" data-element_type=\"widget\" data-e-type=\"widget\" data-widget_type=\"icon-list.default\">\n\t\t\t\t<div class=\"elementor-widget-container\">\n\t\t\t\t\t\t\t<ul class=\"elementor-icon-list-items\">\n\t\t\t\t\t\t\t<li class=\"elementor-icon-list-item\">\n\t\t\t\t\t\t\t\t\t\t\t<span class=\"elementor-icon-list-icon\">\n\t\t\t\t\t\t\t<i aria-hidden=\"true\" class=\"fas fa-map-marker-alt\"><\/i>\t\t\t\t\t\t<\/span>\n\t\t\t\t\t\t\t\t\t\t<span class=\"elementor-icon-list-text\">\u0412\u0430\u043b\u044c\u0434\u0437\u0435\u043c\u044e\u043b\u043b\u0435\u0440\u0448\u0442\u0440\u0430\u0441\u0441\u0435 8, 79227 \u0428\u0430\u043b\u043b\u044c\u0448\u0442\u0430\u0434\u0442<\/span>\n\t\t\t\t\t\t\t\t\t<\/li>\n\t\t\t\t\t\t\t\t<li class=\"elementor-icon-list-item\">\n\t\t\t\t\t\t\t\t\t\t\t<a href=\"tel:%20+49%20170%2099%2036%20983\">\n\n\t\t\t\t\t\t\t\t\t\t\t\t<span class=\"elementor-icon-list-icon\">\n\t\t\t\t\t\t\t<i aria-hidden=\"true\" class=\"fas fa-phone-alt\"><\/i>\t\t\t\t\t\t<\/span>\n\t\t\t\t\t\t\t\t\t\t<span class=\"elementor-icon-list-text\">+49(0)170 99 36 983<\/span>\n\t\t\t\t\t\t\t\t\t\t\t<\/a>\n\t\t\t\t\t\t\t\t\t<\/li>\n\t\t\t\t\t\t\t\t<li class=\"elementor-icon-list-item\">\n\t\t\t\t\t\t\t\t\t\t\t<a href=\"mailto:support@havenu.de\">\n\n\t\t\t\t\t\t\t\t\t\t\t\t<span class=\"elementor-icon-list-icon\">\n\t\t\t\t\t\t\t<i aria-hidden=\"true\" class=\"fas fa-envelope\"><\/i>\t\t\t\t\t\t<\/span>\n\t\t\t\t\t\t\t\t\t\t<span class=\"elementor-icon-list-text\">support@havenu.de<\/span>\n\t\t\t\t\t\t\t\t\t\t\t<\/a>\n\t\t\t\t\t\t\t\t\t<\/li>\n\t\t\t\t\t\t<\/ul>\n\t\t\t\t\t\t<\/div>\n\t\t\t\t<\/div>\n\t\t\t\t\t<\/div>\n\t\t<\/div>\n\t\t\t\t\t<\/div>\n\t\t<\/section>\n\t\t\t\t<\/div>","protected":false},"excerpt":{"rendered":"<p>Kontaktieren Sie uns Unsere Kontaktdaten Waldseem\u00fcller-Stra\u00dfe 8, 79227 Schallstadt +49(0)170 99 36 983 support@havenu.de<\/p>","protected":false},"author":2,"featured_media":0,"parent":0,"menu_order":0,"comment_status":"closed","ping_status":"closed","template":"","meta":{"_acf_changed":false,"footnotes":""},"class_list":["post-195929","page","type-page","status-publish","hentry"],"acf":[],"yoast_head":"<!-- This site is optimized with the Yoast SEO plugin v27.3 - https:\/\/yoast.com\/product\/yoast-seo-wordpress\/ -->\n<title>Kontakt Havenu \u2013 Hotels &amp; Apartments in Baden-W\u00fcrttemberg<\/title>\n<meta name=\"description\" content=\"Kontaktiere Havenu f\u00fcr Buchungsanfragen, Fragen zu Hotels, Apartments und Design-Apartments in Baden-W\u00fcrttemberg, Hessen.\" \/>\n<meta name=\"robots\" content=\"noindex, follow\" \/>\n<meta property=\"og:locale\" content=\"ru_RU\" \/>\n<meta property=\"og:type\" content=\"article\" \/>\n<meta property=\"og:title\" content=\"Kontakt Havenu \u2013 Hotels &amp; Apartments in Baden-W\u00fcrttemberg\" \/>\n<meta property=\"og:description\" content=\"Kontaktiere Havenu f\u00fcr Buchungsanfragen, Fragen zu Hotels, Apartments und Design-Apartments in Baden-W\u00fcrttemberg, Hessen.\" \/>\n<meta property=\"og:url\" content=\"https:\/\/havenu.de\/ru\/contact-us\/\" \/>\n<meta property=\"og:site_name\" content=\"Havenu\" \/>\n<meta property=\"article:modified_time\" content=\"2026-04-07T20:05:33+00:00\" \/>\n<meta property=\"og:image\" content=\"https:\/\/havenu.de\/wp-content\/uploads\/2025\/11\/havenu-contact1.png\" \/>\n\t<meta property=\"og:image:width\" content=\"1200\" \/>\n\t<meta property=\"og:image:height\" content=\"800\" \/>\n\t<meta property=\"og:image:type\" content=\"image\/png\" \/>\n<meta name=\"twitter:card\" content=\"summary_large_image\" \/>\n<meta name=\"twitter:label1\" content=\"\u041f\u0440\u0438\u043c\u0435\u0440\u043d\u043e\u0435 \u0432\u0440\u0435\u043c\u044f \u0434\u043b\u044f \u0447\u0442\u0435\u043d\u0438\u044f\" \/>\n\t<meta name=\"twitter:data1\" content=\"1 \u043c\u0438\u043d\u0443\u0442\u0430\" \/>\n<script type=\"application\/ld+json\" class=\"yoast-schema-graph\">{\"@context\":\"https:\\\/\\\/schema.org\",\"@graph\":[{\"@type\":\"WebPage\",\"@id\":\"https:\\\/\\\/havenu.de\\\/contact-us\\\/\",\"url\":\"https:\\\/\\\/havenu.de\\\/contact-us\\\/\",\"name\":\"Kontakt Havenu \u2013 Hotels & Apartments in Baden-W\u00fcrttemberg\",\"isPartOf\":{\"@id\":\"https:\\\/\\\/havenu.de\\\/it\\\/#website\"},\"primaryImageOfPage\":{\"@id\":\"https:\\\/\\\/havenu.de\\\/contact-us\\\/#primaryimage\"},\"image\":{\"@id\":\"https:\\\/\\\/havenu.de\\\/contact-us\\\/#primaryimage\"},\"thumbnailUrl\":\"https:\\\/\\\/havenu.de\\\/wp-content\\\/uploads\\\/2025\\\/11\\\/havenu-contact1-768x512.png\",\"datePublished\":\"2024-05-23T20:29:27+00:00\",\"dateModified\":\"2026-04-07T20:05:33+00:00\",\"description\":\"Kontaktiere Havenu f\u00fcr Buchungsanfragen, Fragen zu Hotels, Apartments und Design-Apartments in Baden-W\u00fcrttemberg, Hessen.\",\"breadcrumb\":{\"@id\":\"https:\\\/\\\/havenu.de\\\/contact-us\\\/#breadcrumb\"},\"inLanguage\":\"ru-RU\",\"potentialAction\":[{\"@type\":\"ReadAction\",\"target\":[\"https:\\\/\\\/havenu.de\\\/contact-us\\\/\"]}]},{\"@type\":\"ImageObject\",\"inLanguage\":\"ru-RU\",\"@id\":\"https:\\\/\\\/havenu.de\\\/contact-us\\\/#primaryimage\",\"url\":\"https:\\\/\\\/havenu.de\\\/wp-content\\\/uploads\\\/2025\\\/11\\\/havenu-contact1-768x512.png\",\"contentUrl\":\"https:\\\/\\\/havenu.de\\\/wp-content\\\/uploads\\\/2025\\\/11\\\/havenu-contact1-768x512.png\"},{\"@type\":\"BreadcrumbList\",\"@id\":\"https:\\\/\\\/havenu.de\\\/contact-us\\\/#breadcrumb\",\"itemListElement\":[{\"@type\":\"ListItem\",\"position\":1,\"name\":\"Home\",\"item\":\"https:\\\/\\\/havenu.de\\\/\"},{\"@type\":\"ListItem\",\"position\":2,\"name\":\"Contact Us\"}]},{\"@type\":\"WebSite\",\"@id\":\"https:\\\/\\\/havenu.de\\\/it\\\/#website\",\"url\":\"https:\\\/\\\/havenu.de\\\/it\\\/\",\"name\":\"Havenu\",\"description\":\"Living made easy\",\"publisher\":{\"@id\":\"https:\\\/\\\/havenu.de\\\/it\\\/#organization\"},\"potentialAction\":[{\"@type\":\"SearchAction\",\"target\":{\"@type\":\"EntryPoint\",\"urlTemplate\":\"https:\\\/\\\/havenu.de\\\/it\\\/?s={search_term_string}\"},\"query-input\":{\"@type\":\"PropertyValueSpecification\",\"valueRequired\":true,\"valueName\":\"search_term_string\"}}],\"inLanguage\":\"ru-RU\"},{\"@type\":\"Organization\",\"@id\":\"https:\\\/\\\/havenu.de\\\/it\\\/#organization\",\"name\":\"Havenu\",\"url\":\"https:\\\/\\\/havenu.de\\\/it\\\/\",\"logo\":{\"@type\":\"ImageObject\",\"inLanguage\":\"ru-RU\",\"@id\":\"https:\\\/\\\/havenu.de\\\/it\\\/#\\\/schema\\\/logo\\\/image\\\/\",\"url\":\"https:\\\/\\\/havenu.de\\\/wp-content\\\/uploads\\\/2023\\\/05\\\/HAVENU_Logo.webp\",\"contentUrl\":\"https:\\\/\\\/havenu.de\\\/wp-content\\\/uploads\\\/2023\\\/05\\\/HAVENU_Logo.webp\",\"width\":1920,\"height\":536,\"caption\":\"Havenu\"},\"image\":{\"@id\":\"https:\\\/\\\/havenu.de\\\/it\\\/#\\\/schema\\\/logo\\\/image\\\/\"}}]}<\/script>\n<!-- \/ Yoast SEO plugin. -->","yoast_head_json":{"title":"Kontakt Havenu \u2013 Hotels & Apartments in Baden-W\u00fcrttemberg","description":"Kontaktiere Havenu f\u00fcr Buchungsanfragen, Fragen zu Hotels, Apartments und Design-Apartments in Baden-W\u00fcrttemberg, Hessen.","robots":{"index":"noindex","follow":"follow"},"og_locale":"ru_RU","og_type":"article","og_title":"Kontakt Havenu \u2013 Hotels & Apartments in Baden-W\u00fcrttemberg","og_description":"Kontaktiere Havenu f\u00fcr Buchungsanfragen, Fragen zu Hotels, Apartments und Design-Apartments in Baden-W\u00fcrttemberg, Hessen.","og_url":"https:\/\/havenu.de\/ru\/contact-us\/","og_site_name":"Havenu","article_modified_time":"2026-04-07T20:05:33+00:00","og_image":[{"width":1200,"height":800,"url":"https:\/\/havenu.de\/wp-content\/uploads\/2025\/11\/havenu-contact1.png","type":"image\/png"}],"twitter_card":"summary_large_image","twitter_misc":{"\u041f\u0440\u0438\u043c\u0435\u0440\u043d\u043e\u0435 \u0432\u0440\u0435\u043c\u044f \u0434\u043b\u044f \u0447\u0442\u0435\u043d\u0438\u044f":"1 \u043c\u0438\u043d\u0443\u0442\u0430"},"schema":{"@context":"https:\/\/schema.org","@graph":[{"@type":"WebPage","@id":"https:\/\/havenu.de\/contact-us\/","url":"https:\/\/havenu.de\/contact-us\/","name":"Kontakt Havenu \u2013 Hotels & Apartments in Baden-W\u00fcrttemberg","isPartOf":{"@id":"https:\/\/havenu.de\/it\/#website"},"primaryImageOfPage":{"@id":"https:\/\/havenu.de\/contact-us\/#primaryimage"},"image":{"@id":"https:\/\/havenu.de\/contact-us\/#primaryimage"},"thumbnailUrl":"https:\/\/havenu.de\/wp-content\/uploads\/2025\/11\/havenu-contact1-768x512.png","datePublished":"2024-05-23T20:29:27+00:00","dateModified":"2026-04-07T20:05:33+00:00","description":"Kontaktiere Havenu f\u00fcr Buchungsanfragen, Fragen zu Hotels, Apartments und Design-Apartments in Baden-W\u00fcrttemberg, Hessen.","breadcrumb":{"@id":"https:\/\/havenu.de\/contact-us\/#breadcrumb"},"inLanguage":"ru-RU","potentialAction":[{"@type":"ReadAction","target":["https:\/\/havenu.de\/contact-us\/"]}]},{"@type":"ImageObject","inLanguage":"ru-RU","@id":"https:\/\/havenu.de\/contact-us\/#primaryimage","url":"https:\/\/havenu.de\/wp-content\/uploads\/2025\/11\/havenu-contact1-768x512.png","contentUrl":"https:\/\/havenu.de\/wp-content\/uploads\/2025\/11\/havenu-contact1-768x512.png"},{"@type":"BreadcrumbList","@id":"https:\/\/havenu.de\/contact-us\/#breadcrumb","itemListElement":[{"@type":"ListItem","position":1,"name":"Home","item":"https:\/\/havenu.de\/"},{"@type":"ListItem","position":2,"name":"Contact Us"}]},{"@type":"WebSite","@id":"https:\/\/havenu.de\/it\/#website","url":"https:\/\/havenu.de\/it\/","name":"Havenu","description":"Living made easy","publisher":{"@id":"https:\/\/havenu.de\/it\/#organization"},"potentialAction":[{"@type":"SearchAction","target":{"@type":"EntryPoint","urlTemplate":"https:\/\/havenu.de\/it\/?s={search_term_string}"},"query-input":{"@type":"PropertyValueSpecification","valueRequired":true,"valueName":"search_term_string"}}],"inLanguage":"ru-RU"},{"@type":"Organization","@id":"https:\/\/havenu.de\/it\/#organization","name":"Havenu","url":"https:\/\/havenu.de\/it\/","logo":{"@type":"ImageObject","inLanguage":"ru-RU","@id":"https:\/\/havenu.de\/it\/#\/schema\/logo\/image\/","url":"https:\/\/havenu.de\/wp-content\/uploads\/2023\/05\/HAVENU_Logo.webp","contentUrl":"https:\/\/havenu.de\/wp-content\/uploads\/2023\/05\/HAVENU_Logo.webp","width":1920,"height":536,"caption":"Havenu"},"image":{"@id":"https:\/\/havenu.de\/it\/#\/schema\/logo\/image\/"}}]}},"_links":{"self":[{"href":"https:\/\/havenu.de\/ru\/wp-json\/wp\/v2\/pages\/195929","targetHints":{"allow":["GET"]}}],"collection":[{"href":"https:\/\/havenu.de\/ru\/wp-json\/wp\/v2\/pages"}],"about":[{"href":"https:\/\/havenu.de\/ru\/wp-json\/wp\/v2\/types\/page"}],"author":[{"embeddable":true,"href":"https:\/\/havenu.de\/ru\/wp-json\/wp\/v2\/users\/2"}],"replies":[{"embeddable":true,"href":"https:\/\/havenu.de\/ru\/wp-json\/wp\/v2\/comments?post=195929"}],"version-history":[{"count":6,"href":"https:\/\/havenu.de\/ru\/wp-json\/wp\/v2\/pages\/195929\/revisions"}],"predecessor-version":[{"id":199103,"href":"https:\/\/havenu.de\/ru\/wp-json\/wp\/v2\/pages\/195929\/revisions\/199103"}],"wp:attachment":[{"href":"https:\/\/havenu.de\/ru\/wp-json\/wp\/v2\/media?parent=195929"}],"curies":[{"name":"wp","href":"https:\/\/api.w.org\/{rel}","templated":true}]}}